{"id":412,"date":"2016-09-09T15:52:12","date_gmt":"2016-09-09T15:52:12","guid":{"rendered":"http:\/\/primaltantra.com\/?page_id=412&#038;lang=it"},"modified":"2023-10-24T18:24:24","modified_gmt":"2023-10-24T18:24:24","slug":"chi-siamo","status":"publish","type":"page","link":"https:\/\/www.primaltantra.com\/it\/chi-siamo\/","title":{"rendered":"Chi Siamo"},"content":{"rendered":"<div style=\"padding-left: 10px; padding-top: 10px;\">\n<h2>Svarup<\/h2>\n<h2>E\u2019 una facilitatrice delle terapie di Osho<\/h2>\n<p>Dopo essersi laureate in Filosofia all\u2019Universit\u00e0 di Roma, si \u00e8 formata e ha lavorato per diversi anni con R.D. Laing, conducendo una delle sue Comunit\u00e0 Terapeutiche a Londra.<\/p>\n<p>Ha incontrato Osho, il suo Maestro, nel 1984. D\u2019allora in poi, \u00e8 rimasta in diversi modi parte della Comune attorno a Lui.<\/p>\n<p>Da quel periodo fino ad ora, Svarup facilita gruppi sull\u2019Infanzia, l\u2019Adolescenza e la Sessualit\u00e0, e altre forme di terapie meditative.<\/p>\n<p>Ha incontrato Premartha, il suo amato compagno di vita, nel 1985.<\/p>\n<p>D\u2019allora in poi, Svarup e Premartha hanno condiviso nella loro quotidianit\u00e0 la loro passione per la vita, la crescita, l\u2019amore e la meditazione, allargando poi la loro condivisione ai tanti amici che partecipavano ai loro gruppi.<\/p>\n<p>Insieme, hanno scritto due libri: Twice Born (sul lavoro), e The Little Buddha and the Cosmos (una favola spirituale e avventurosa)<\/p>\n<p>Entrambi i libri sono in Inglese, e Twice Born si trova su www.amazon.de, Mentre The Little Buddha si trova su www.amazon.com<\/p>\n<p>Premartha ha lasciato il corpo nel 2023.<\/p>\n<p>Ora Svarup continua la loro avventura per conto suo, facendo tesoro nel suo cuore di un\u2019immensa gratitudine per tutto l\u2019amore, l\u2019ispirazione e la creativit\u00e0 che hanno condiviso per cos\u00ec tanti anni.<\/p>\n<p>Il lavoro, nel frattempo, continua ad evolversi, adattandosi a tempi diversi e a un mondo che cambia, dove il bisogno di presenza, maturit\u00e0 e innocenza sono diventate priorit\u00e0.<\/p>\n<\/div>\n","protected":false},"excerpt":{"rendered":"<p>Svarup E\u2019 una facilitatrice delle terapie di Osho Dopo essersi laureate in Filosofia all\u2019Universit\u00e0 di Roma, si \u00e8 formata e ha lavorato per diversi anni con R.D. Laing, conducendo una delle sue Comunit\u00e0 Terapeutiche a Londra. Ha incontrato Osho, il suo Maestro, nel 1984. D\u2019allora in poi, \u00e8 rimasta in diversi modi parte della Comune [&hellip;]<\/p>\n","protected":false},"author":1,"featured_media":7142,"parent":0,"menu_order":0,"comment_status":"closed","ping_status":"closed","template":"page-theme.php","meta":{"_acf_changed":false,"footnotes":""},"class_list":["post-412","page","type-page","status-publish","has-post-thumbnail","hentry"],"acf":[],"_links":{"self":[{"href":"https:\/\/www.primaltantra.com\/it\/wp-json\/wp\/v2\/pages\/412","targetHints":{"allow":["GET"]}}],"collection":[{"href":"https:\/\/www.primaltantra.com\/it\/wp-json\/wp\/v2\/pages"}],"about":[{"href":"https:\/\/www.primaltantra.com\/it\/wp-json\/wp\/v2\/types\/page"}],"author":[{"embeddable":true,"href":"https:\/\/www.primaltantra.com\/it\/wp-json\/wp\/v2\/users\/1"}],"replies":[{"embeddable":true,"href":"https:\/\/www.primaltantra.com\/it\/wp-json\/wp\/v2\/comments?post=412"}],"version-history":[{"count":5,"href":"https:\/\/www.primaltantra.com\/it\/wp-json\/wp\/v2\/pages\/412\/revisions"}],"predecessor-version":[{"id":7157,"href":"https:\/\/www.primaltantra.com\/it\/wp-json\/wp\/v2\/pages\/412\/revisions\/7157"}],"wp:featuredmedia":[{"embeddable":true,"href":"https:\/\/www.primaltantra.com\/it\/wp-json\/wp\/v2\/media\/7142"}],"wp:attachment":[{"href":"https:\/\/www.primaltantra.com\/it\/wp-json\/wp\/v2\/media?parent=412"}],"curies":[{"name":"wp","href":"https:\/\/api.w.org\/{rel}","templated":true}]}}