{"id":5532,"date":"2021-12-17T10:23:04","date_gmt":"2021-12-17T10:23:04","guid":{"rendered":"https:\/\/www.primaltantra.com\/individual-sessions\/"},"modified":"2021-12-17T17:07:55","modified_gmt":"2021-12-17T17:07:55","slug":"individual-sessions-2","status":"publish","type":"page","link":"https:\/\/www.primaltantra.com\/it\/individual-sessions-2\/","title":{"rendered":"Sessioni individuali con Svarup, online e in presenza"},"content":{"rendered":"\r\n\r\n\r\n<p style=\"text-align: center;\"><strong><img loading=\"lazy\" decoding=\"async\" class=\"alignnone size-medium wp-image-5554\" src=\"https:\/\/www.primaltantra.com\/wp-content\/uploads\/2021\/12\/OzJC7-225x300.jpeg\" alt=\"\" width=\"225\" height=\"300\" srcset=\"https:\/\/www.primaltantra.com\/wp-content\/uploads\/2021\/12\/OzJC7-225x300.jpeg 225w, https:\/\/www.primaltantra.com\/wp-content\/uploads\/2021\/12\/OzJC7-768x1024.jpeg 768w, https:\/\/www.primaltantra.com\/wp-content\/uploads\/2021\/12\/OzJC7-1152x1536.jpeg 1152w, https:\/\/www.primaltantra.com\/wp-content\/uploads\/2021\/12\/OzJC7-1536x2048.jpeg 1536w, https:\/\/www.primaltantra.com\/wp-content\/uploads\/2021\/12\/OzJC7-320x427.jpeg 320w, https:\/\/www.primaltantra.com\/wp-content\/uploads\/2021\/12\/OzJC7-640x853.jpeg 640w, https:\/\/www.primaltantra.com\/wp-content\/uploads\/2021\/12\/OzJC7-360x480.jpeg 360w, https:\/\/www.primaltantra.com\/wp-content\/uploads\/2021\/12\/OzJC7-720x960.jpeg 720w, https:\/\/www.primaltantra.com\/wp-content\/uploads\/2021\/12\/OzJC7-1080x1440.jpeg 1080w, https:\/\/www.primaltantra.com\/wp-content\/uploads\/2021\/12\/OzJC7-800x1067.jpeg 800w, https:\/\/www.primaltantra.com\/wp-content\/uploads\/2021\/12\/OzJC7-1024x1365.jpeg 1024w, https:\/\/www.primaltantra.com\/wp-content\/uploads\/2021\/12\/OzJC7-1280x1707.jpeg 1280w, https:\/\/www.primaltantra.com\/wp-content\/uploads\/2021\/12\/OzJC7-scaled.jpeg 1920w\" sizes=\"auto, (max-width: 225px) 100vw, 225px\" \/><\/strong><\/p>\r\n<p style=\"text-align: center;\"><strong>SERIE DI 10 SESSIONI DI DECONDIZIONAMENTO DALL\u2019INFANZIA<\/strong><\/p>\r\n<p>Un processo individuale di 10 sessioni che si muove a ritroso nel tempo.<\/p>\r\n<p>Attraverseremo I vari stadi di sviluppo dell\u2019infanzia dai 10 anni alla nascita, sbucciando strato dopo strato di personalit\u00e0 acquisita e riconnettendoci con la nostra natura originari, l\u2019essere gi\u00e0 presente al momento della nascita.<\/p>\r\n<p>Il ricontattare questo essere ti render\u00e0 capace di prendere decisioni e muoverti nella vita con maggiore spontaneit\u00e0 e presenza.<\/p>\r\n<p><strong><em>Le sessioni possono avere una frequenza bisettimanale o una volta alla settimana<\/em><\/strong><\/p>\r\n<p>&nbsp;<\/p>\r\n<p>&nbsp;<\/p>\r\n<p><strong><img loading=\"lazy\" decoding=\"async\" class=\"alignnone size-medium wp-image-5556 aligncenter\" src=\"https:\/\/www.primaltantra.com\/wp-content\/uploads\/2021\/12\/025-copy-272x300.jpg\" alt=\"\" width=\"272\" height=\"300\" srcset=\"https:\/\/www.primaltantra.com\/wp-content\/uploads\/2021\/12\/025-copy-272x300.jpg 272w, https:\/\/www.primaltantra.com\/wp-content\/uploads\/2021\/12\/025-copy-930x1024.jpg 930w, https:\/\/www.primaltantra.com\/wp-content\/uploads\/2021\/12\/025-copy-768x846.jpg 768w, https:\/\/www.primaltantra.com\/wp-content\/uploads\/2021\/12\/025-copy-1395x1536.jpg 1395w, https:\/\/www.primaltantra.com\/wp-content\/uploads\/2021\/12\/025-copy-1859x2048.jpg 1859w, https:\/\/www.primaltantra.com\/wp-content\/uploads\/2021\/12\/025-copy-320x352.jpg 320w, https:\/\/www.primaltantra.com\/wp-content\/uploads\/2021\/12\/025-copy-640x705.jpg 640w, https:\/\/www.primaltantra.com\/wp-content\/uploads\/2021\/12\/025-copy-360x397.jpg 360w, https:\/\/www.primaltantra.com\/wp-content\/uploads\/2021\/12\/025-copy-720x793.jpg 720w, https:\/\/www.primaltantra.com\/wp-content\/uploads\/2021\/12\/025-copy-1080x1190.jpg 1080w, https:\/\/www.primaltantra.com\/wp-content\/uploads\/2021\/12\/025-copy-800x881.jpg 800w, https:\/\/www.primaltantra.com\/wp-content\/uploads\/2021\/12\/025-copy-1024x1128.jpg 1024w, https:\/\/www.primaltantra.com\/wp-content\/uploads\/2021\/12\/025-copy-1280x1410.jpg 1280w\" sizes=\"auto, (max-width: 272px) 100vw, 272px\" \/><\/strong><\/p>\r\n<p style=\"text-align: center;\"><strong>SERIE DI 10 SESSIONI: LA GUARIGIONE DEL TEENAGER INTERIORE<\/strong><\/p>\r\n<p>Questo lavoro ti guida attraverso la tua adolescenza, guarendo le ferite di quegli anni e riscoprendo quelle qualit\u00e0 che sono l\u2019essenza di un\u2019adolescenza sana.<\/p>\r\n<p>Il risveglio dell\u2019energia sessuale in un teenager \u00e8 un dono. Non \u00e8 solo una sorgente potenziale di piacere fisico. Rende anche la vita un\u2019avventura e alla fine anche una ricerca.<\/p>\r\n<p>Guarire ed abbracciare il tuo adolescente interiore ora, da adulto, riporter\u00e0 nella tua vita il senso dell\u2019osare andar oltre la routine che ti \u00e8 familiare. Creer\u00e0 lo spazio per nuova ispirazione nella tua vita.<\/p>\r\n<p><strong><em>Le sessioni possono avere una frequenza bisettimanale o una volta alla settimana<\/em><\/strong><\/p>\r\n<p>&nbsp;<\/p>\r\n<p><img loading=\"lazy\" decoding=\"async\" class=\"size-medium wp-image-5548 aligncenter\" src=\"https:\/\/www.primaltantra.com\/wp-content\/uploads\/2021\/12\/4B-ATHENS-2-FAMILY-CONSTELLATION-2-300x225.jpg\" alt=\"\" width=\"300\" height=\"225\" srcset=\"https:\/\/www.primaltantra.com\/wp-content\/uploads\/2021\/12\/4B-ATHENS-2-FAMILY-CONSTELLATION-2-300x225.jpg 300w, https:\/\/www.primaltantra.com\/wp-content\/uploads\/2021\/12\/4B-ATHENS-2-FAMILY-CONSTELLATION-2.jpg 320w\" sizes=\"auto, (max-width: 300px) 100vw, 300px\" \/><\/p>\r\n<p>&nbsp;<\/p>\r\n<p style=\"text-align: center;\"><strong>SESSIONE SINGOLA DI FAMILY CONSTELLATION<\/strong><\/p>\r\n<p>La nostra capacit\u00e0 di rilassarci in ci\u00f2 che veramente siamo e vivere il nostro potenziale \u00e8 fortemente influenzata dal posto che occupiamo nella nostra famiglia di provenienza o nella nostra famiglia attuale. \u2028Spesso, per amore e bisogno di appartenenza, occupiamo inconsciamente nel nostro sistema familiare un posto che non ci spetta. Prendiamo su noi stessi i sentimenti di altri, o rimpiazziamo persone che sono state rifiutate o escluse dal sistema. Nel far ci\u00f2, ci assumiamo sulle spalle i loro fardelli, e cerchiamo di adempiere un destino che non ci appartiene.<\/p>\r\n<p>In questa sessione, avrai l\u2019opportunit\u00e0 di osservare le dinamiche nascoste all\u2019interno del tuo sistema familiare. Gli altri partecipanti prenderanno il posto di ciascuno dei membri della tua famiglia, e comunicheranno cosa sentono in questa posizione. Questo ti dar\u00e0 la possiblit\u00e0 di vedere con chiarezza da dove proviene lo squilibrio che ti impedisce di rilassarti nel posto che \u00e8 veramente il tuo.<\/p>\r\n<p>Nel cambiare poi la posizione di ciascun membro della famiglia, e nel completare ci\u00f3 che non \u00e8 stato mai detto apertamente tra di loro, si crea passo dopo passo un nuovo quadro del sistema. Allora, potrai sperimentare il senso di liberazione e la sensazione di armonia che deriva dal sentirsi al posto giusto.<\/p>\r\n<p><strong><em>La sessione pu\u00f2 svolgersi<\/em><\/strong><\/p>\r\n<p><strong><em>-o in presenza con un Gruppo di persone che rappresenteranno gli attuali o passata membri del tuo Sistema familiar che sono important in connessione alla tematica sulla quale vuoi lavorare <\/em><\/strong><\/p>\r\n<p><em><strong>-oppure online, utilizzando oggetti e cuscini che rappresentano I membri del tuo Sistema\u00a0 e disponendoli sul posto e nella direzione che senti che occupano. Sarai tu pou a stare nei diversi posti marcati, parlando a nome del familiare che rappresenti in quel posto.<\/strong> <\/em><\/p>\r\n<p>&nbsp;<\/p>\r\n<p>&nbsp;<\/p>\r\n","protected":false},"excerpt":{"rendered":"<p>SERIE DI 10 SESSIONI DI DECONDIZIONAMENTO DALL\u2019INFANZIA Un processo individuale di 10 sessioni che si muove a ritroso nel tempo. Attraverseremo I vari stadi di sviluppo dell\u2019infanzia dai 10 anni alla nascita, sbucciando strato dopo strato di personalit\u00e0 acquisita e riconnettendoci con la nostra natura originari, l\u2019essere gi\u00e0 presente al momento della nascita. Il ricontattare [&hellip;]<\/p>\n","protected":false},"author":1,"featured_media":5562,"parent":0,"menu_order":0,"comment_status":"closed","ping_status":"closed","template":"","meta":{"_acf_changed":false,"footnotes":""},"class_list":["post-5532","page","type-page","status-publish","has-post-thumbnail","hentry"],"acf":[],"_links":{"self":[{"href":"https:\/\/www.primaltantra.com\/it\/wp-json\/wp\/v2\/pages\/5532","targetHints":{"allow":["GET"]}}],"collection":[{"href":"https:\/\/www.primaltantra.com\/it\/wp-json\/wp\/v2\/pages"}],"about":[{"href":"https:\/\/www.primaltantra.com\/it\/wp-json\/wp\/v2\/types\/page"}],"author":[{"embeddable":true,"href":"https:\/\/www.primaltantra.com\/it\/wp-json\/wp\/v2\/users\/1"}],"replies":[{"embeddable":true,"href":"https:\/\/www.primaltantra.com\/it\/wp-json\/wp\/v2\/comments?post=5532"}],"version-history":[{"count":5,"href":"https:\/\/www.primaltantra.com\/it\/wp-json\/wp\/v2\/pages\/5532\/revisions"}],"predecessor-version":[{"id":5570,"href":"https:\/\/www.primaltantra.com\/it\/wp-json\/wp\/v2\/pages\/5532\/revisions\/5570"}],"wp:featuredmedia":[{"embeddable":true,"href":"https:\/\/www.primaltantra.com\/it\/wp-json\/wp\/v2\/media\/5562"}],"wp:attachment":[{"href":"https:\/\/www.primaltantra.com\/it\/wp-json\/wp\/v2\/media?parent=5532"}],"curies":[{"name":"wp","href":"https:\/\/api.w.org\/{rel}","templated":true}]}}